{"id":5356,"date":"2020-12-03T19:15:44","date_gmt":"2020-12-03T18:15:44","guid":{"rendered":"https:\/\/jerome-varnier.fr\/repertoire-oratorio\/"},"modified":"2020-12-10T15:09:04","modified_gmt":"2020-12-10T14:09:04","slug":"repertoire-oratorio","status":"publish","type":"page","link":"https:\/\/jerome-varnier.fr\/en\/repertoire-oratorio\/","title":{"rendered":"Repertoire Oratorio"},"content":{"rendered":"\t\t<div data-elementor-type=\"wp-post\" data-elementor-id=\"5356\" class=\"elementor elementor-5356\" data-elementor-post-type=\"page\">\n\t\t\t\t\t\t<section class=\"elementor-section elementor-top-section elementor-element elementor-element-a107881 elementor-section-stretched elementor-section-height-min-height elementor-section-boxed elementor-section-height-default elementor-section-items-middle\" data-id=\"a107881\" data-element_type=\"section\" data-e-type=\"section\" data-settings=\"{&quot;stretch_section&quot;:&quot;section-stretched&quot;,&quot;background_background&quot;:&quot;classic&quot;}\">\n\t\t\t\t\t\t<div class=\"elementor-container elementor-column-gap-default\">\n\t\t\t\t\t<div class=\"elementor-column elementor-col-100 elementor-top-column elementor-element elementor-element-6623386\" data-id=\"6623386\" data-element_type=\"column\" data-e-type=\"column\">\n\t\t\t<div class=\"elementor-widget-wrap\">\n\t\t\t\t\t\t\t<\/div>\n\t\t<\/div>\n\t\t\t\t\t<\/div>\n\t\t<\/section>\n\t\t\t\t<section class=\"elementor-section elementor-top-section elementor-element elementor-element-3625964 elementor-section-boxed elementor-section-height-default elementor-section-height-default\" data-id=\"3625964\" data-element_type=\"section\" data-e-type=\"section\">\n\t\t\t\t\t\t<div class=\"elementor-container elementor-column-gap-default\">\n\t\t\t\t\t<div class=\"elementor-column elementor-col-100 elementor-top-column elementor-element elementor-element-7a77432\" data-id=\"7a77432\" data-element_type=\"column\" data-e-type=\"column\">\n\t\t\t<div class=\"elementor-widget-wrap\">\n\t\t\t\t\t\t\t<\/div>\n\t\t<\/div>\n\t\t\t\t\t<\/div>\n\t\t<\/section>\n\t\t\t\t<\/div>\n\t\t","protected":false},"excerpt":{"rendered":"","protected":false},"author":2,"featured_media":0,"parent":0,"menu_order":0,"comment_status":"closed","ping_status":"closed","template":"templates\/repertoire-oratorio.php","meta":{"footnotes":""},"class_list":["post-5356","page","type-page","status-publish","hentry"],"acf":[],"yoast_head":"<!-- This site is optimized with the Yoast SEO plugin v27.1.1 - https:\/\/yoast.com\/product\/yoast-seo-wordpress\/ -->\n<title>Repertoire Oratorio - J\u00e9r\u00f4me Varnier | Basse<\/title>\n<meta name=\"robots\" content=\"index, follow, max-snippet:-1, max-image-preview:large, max-video-preview:-1\" \/>\n<link rel=\"canonical\" href=\"https:\/\/jerome-varnier.fr\/en\/repertoire-oratorio\/\" \/>\n<meta property=\"og:locale\" content=\"en_US\" \/>\n<meta property=\"og:type\" content=\"article\" \/>\n<meta property=\"og:title\" content=\"Repertoire Oratorio - J\u00e9r\u00f4me Varnier | Basse\" \/>\n<meta property=\"og:url\" content=\"https:\/\/jerome-varnier.fr\/en\/repertoire-oratorio\/\" \/>\n<meta property=\"og:site_name\" content=\"J\u00e9r\u00f4me Varnier | Basse\" \/>\n<meta property=\"article:modified_time\" content=\"2020-12-10T14:09:04+00:00\" \/>\n<meta name=\"twitter:card\" content=\"summary_large_image\" \/>\n<script type=\"application\/ld+json\" class=\"yoast-schema-graph\">{\"@context\":\"https:\/\/schema.org\",\"@graph\":[{\"@type\":\"WebPage\",\"@id\":\"https:\/\/jerome-varnier.fr\/en\/repertoire-oratorio\/\",\"url\":\"https:\/\/jerome-varnier.fr\/en\/repertoire-oratorio\/\",\"name\":\"Repertoire Oratorio - J\u00e9r\u00f4me Varnier | Basse\",\"isPartOf\":{\"@id\":\"https:\/\/jerome-varnier.fr\/#website\"},\"datePublished\":\"2020-12-03T18:15:44+00:00\",\"dateModified\":\"2020-12-10T14:09:04+00:00\",\"breadcrumb\":{\"@id\":\"https:\/\/jerome-varnier.fr\/en\/repertoire-oratorio\/#breadcrumb\"},\"inLanguage\":\"en-US\",\"potentialAction\":[{\"@type\":\"ReadAction\",\"target\":[\"https:\/\/jerome-varnier.fr\/en\/repertoire-oratorio\/\"]}]},{\"@type\":\"BreadcrumbList\",\"@id\":\"https:\/\/jerome-varnier.fr\/en\/repertoire-oratorio\/#breadcrumb\",\"itemListElement\":[{\"@type\":\"ListItem\",\"position\":1,\"name\":\"Accueil\",\"item\":\"https:\/\/jerome-varnier.fr\/en\/\"},{\"@type\":\"ListItem\",\"position\":2,\"name\":\"Repertoire Oratorio\"}]},{\"@type\":\"WebSite\",\"@id\":\"https:\/\/jerome-varnier.fr\/#website\",\"url\":\"https:\/\/jerome-varnier.fr\/\",\"name\":\"J\u00e9r\u00f4me Varnier | Basse\",\"description\":\"Site de J\u00e9r\u00f4me Varnier\",\"publisher\":{\"@id\":\"https:\/\/jerome-varnier.fr\/#\/schema\/person\/47c6a603b6ac4db6ad9187e81e394f5e\"},\"potentialAction\":[{\"@type\":\"SearchAction\",\"target\":{\"@type\":\"EntryPoint\",\"urlTemplate\":\"https:\/\/jerome-varnier.fr\/?s={search_term_string}\"},\"query-input\":{\"@type\":\"PropertyValueSpecification\",\"valueRequired\":true,\"valueName\":\"search_term_string\"}}],\"inLanguage\":\"en-US\"},{\"@type\":[\"Person\",\"Organization\"],\"@id\":\"https:\/\/jerome-varnier.fr\/#\/schema\/person\/47c6a603b6ac4db6ad9187e81e394f5e\",\"name\":\"J\u00e9r\u00f4me Varnier\",\"image\":{\"@type\":\"ImageObject\",\"inLanguage\":\"en-US\",\"@id\":\"https:\/\/jerome-varnier.fr\/#\/schema\/person\/image\/\",\"url\":\"https:\/\/secure.gravatar.com\/avatar\/0ece0d561eb3292888bfe271d0526258317c887f92dbc7e618477e19a553e04e?s=96&d=mm&r=g\",\"contentUrl\":\"https:\/\/secure.gravatar.com\/avatar\/0ece0d561eb3292888bfe271d0526258317c887f92dbc7e618477e19a553e04e?s=96&d=mm&r=g\",\"caption\":\"J\u00e9r\u00f4me Varnier\"},\"logo\":{\"@id\":\"https:\/\/jerome-varnier.fr\/#\/schema\/person\/image\/\"}}]}<\/script>\n<!-- \/ Yoast SEO plugin. -->","yoast_head_json":{"title":"Repertoire Oratorio - J\u00e9r\u00f4me Varnier | Basse","robots":{"index":"index","follow":"follow","max-snippet":"max-snippet:-1","max-image-preview":"max-image-preview:large","max-video-preview":"max-video-preview:-1"},"canonical":"https:\/\/jerome-varnier.fr\/en\/repertoire-oratorio\/","og_locale":"en_US","og_type":"article","og_title":"Repertoire Oratorio - J\u00e9r\u00f4me Varnier | Basse","og_url":"https:\/\/jerome-varnier.fr\/en\/repertoire-oratorio\/","og_site_name":"J\u00e9r\u00f4me Varnier | Basse","article_modified_time":"2020-12-10T14:09:04+00:00","twitter_card":"summary_large_image","schema":{"@context":"https:\/\/schema.org","@graph":[{"@type":"WebPage","@id":"https:\/\/jerome-varnier.fr\/en\/repertoire-oratorio\/","url":"https:\/\/jerome-varnier.fr\/en\/repertoire-oratorio\/","name":"Repertoire Oratorio - J\u00e9r\u00f4me Varnier | Basse","isPartOf":{"@id":"https:\/\/jerome-varnier.fr\/#website"},"datePublished":"2020-12-03T18:15:44+00:00","dateModified":"2020-12-10T14:09:04+00:00","breadcrumb":{"@id":"https:\/\/jerome-varnier.fr\/en\/repertoire-oratorio\/#breadcrumb"},"inLanguage":"en-US","potentialAction":[{"@type":"ReadAction","target":["https:\/\/jerome-varnier.fr\/en\/repertoire-oratorio\/"]}]},{"@type":"BreadcrumbList","@id":"https:\/\/jerome-varnier.fr\/en\/repertoire-oratorio\/#breadcrumb","itemListElement":[{"@type":"ListItem","position":1,"name":"Accueil","item":"https:\/\/jerome-varnier.fr\/en\/"},{"@type":"ListItem","position":2,"name":"Repertoire Oratorio"}]},{"@type":"WebSite","@id":"https:\/\/jerome-varnier.fr\/#website","url":"https:\/\/jerome-varnier.fr\/","name":"J\u00e9r\u00f4me Varnier | Basse","description":"Site de J\u00e9r\u00f4me Varnier","publisher":{"@id":"https:\/\/jerome-varnier.fr\/#\/schema\/person\/47c6a603b6ac4db6ad9187e81e394f5e"},"potentialAction":[{"@type":"SearchAction","target":{"@type":"EntryPoint","urlTemplate":"https:\/\/jerome-varnier.fr\/?s={search_term_string}"},"query-input":{"@type":"PropertyValueSpecification","valueRequired":true,"valueName":"search_term_string"}}],"inLanguage":"en-US"},{"@type":["Person","Organization"],"@id":"https:\/\/jerome-varnier.fr\/#\/schema\/person\/47c6a603b6ac4db6ad9187e81e394f5e","name":"J\u00e9r\u00f4me Varnier","image":{"@type":"ImageObject","inLanguage":"en-US","@id":"https:\/\/jerome-varnier.fr\/#\/schema\/person\/image\/","url":"https:\/\/secure.gravatar.com\/avatar\/0ece0d561eb3292888bfe271d0526258317c887f92dbc7e618477e19a553e04e?s=96&d=mm&r=g","contentUrl":"https:\/\/secure.gravatar.com\/avatar\/0ece0d561eb3292888bfe271d0526258317c887f92dbc7e618477e19a553e04e?s=96&d=mm&r=g","caption":"J\u00e9r\u00f4me Varnier"},"logo":{"@id":"https:\/\/jerome-varnier.fr\/#\/schema\/person\/image\/"}}]}},"_links":{"self":[{"href":"https:\/\/jerome-varnier.fr\/en\/wp-json\/wp\/v2\/pages\/5356","targetHints":{"allow":["GET"]}}],"collection":[{"href":"https:\/\/jerome-varnier.fr\/en\/wp-json\/wp\/v2\/pages"}],"about":[{"href":"https:\/\/jerome-varnier.fr\/en\/wp-json\/wp\/v2\/types\/page"}],"author":[{"embeddable":true,"href":"https:\/\/jerome-varnier.fr\/en\/wp-json\/wp\/v2\/users\/2"}],"replies":[{"embeddable":true,"href":"https:\/\/jerome-varnier.fr\/en\/wp-json\/wp\/v2\/comments?post=5356"}],"version-history":[{"count":5,"href":"https:\/\/jerome-varnier.fr\/en\/wp-json\/wp\/v2\/pages\/5356\/revisions"}],"predecessor-version":[{"id":5437,"href":"https:\/\/jerome-varnier.fr\/en\/wp-json\/wp\/v2\/pages\/5356\/revisions\/5437"}],"wp:attachment":[{"href":"https:\/\/jerome-varnier.fr\/en\/wp-json\/wp\/v2\/media?parent=5356"}],"curies":[{"name":"wp","href":"https:\/\/api.w.org\/{rel}","templated":true}]}}