{"id":4740,"date":"2019-10-15T16:25:47","date_gmt":"2019-10-15T14:25:47","guid":{"rendered":"http:\/\/localhost:8888\/jeromevarnierV2\/videos\/"},"modified":"2020-07-31T14:03:36","modified_gmt":"2020-07-31T12:03:36","slug":"videos-en","status":"publish","type":"page","link":"https:\/\/jerome-varnier.fr\/en\/videos-en\/","title":{"rendered":"Videos"},"content":{"rendered":"\t\t<div data-elementor-type=\"wp-post\" data-elementor-id=\"4740\" class=\"elementor elementor-4740\" data-elementor-post-type=\"page\">\n\t\t\t\t\t\t<section class=\"elementor-section elementor-top-section elementor-element elementor-element-a107881 elementor-section-stretched elementor-section-height-min-height elementor-section-boxed elementor-section-height-default elementor-section-items-middle\" data-id=\"a107881\" data-element_type=\"section\" data-e-type=\"section\" data-settings=\"{&quot;stretch_section&quot;:&quot;section-stretched&quot;,&quot;background_background&quot;:&quot;video&quot;,&quot;background_video_link&quot;:&quot;https:\\\/\\\/youtu.be\\\/pzBevB4Da8I&quot;,&quot;background_play_on_mobile&quot;:&quot;yes&quot;}\">\n\t\t\t\t\t\t\t\t<div class=\"elementor-background-video-container\">\n\t\t\t\t\t\t\t\t\t\t\t\t\t<div class=\"elementor-background-video-embed\" role=\"presentation\"><\/div>\n\t\t\t\t\t\t\t\t\t\t\t\t<\/div>\n\t\t\t\t\t\t\t\t<div class=\"elementor-container elementor-column-gap-default\">\n\t\t\t\t\t<div class=\"elementor-column elementor-col-100 elementor-top-column elementor-element elementor-element-6623386\" data-id=\"6623386\" data-element_type=\"column\" data-e-type=\"column\">\n\t\t\t<div class=\"elementor-widget-wrap\">\n\t\t\t\t\t\t\t<\/div>\n\t\t<\/div>\n\t\t\t\t\t<\/div>\n\t\t<\/section>\n\t\t\t\t<section class=\"elementor-section elementor-top-section elementor-element elementor-element-07e0764 elementor-section-boxed elementor-section-height-default elementor-section-height-default\" data-id=\"07e0764\" data-element_type=\"section\" data-e-type=\"section\">\n\t\t\t\t\t\t<div class=\"elementor-container elementor-column-gap-default\">\n\t\t\t\t\t<div class=\"elementor-column elementor-col-100 elementor-top-column elementor-element elementor-element-cce7be0\" data-id=\"cce7be0\" data-element_type=\"column\" data-e-type=\"column\">\n\t\t\t<div class=\"elementor-widget-wrap elementor-element-populated\">\n\t\t\t\t\t\t<div class=\"elementor-element elementor-element-c6e7c0b elementor-widget elementor-widget-heading\" data-id=\"c6e7c0b\" data-element_type=\"widget\" data-e-type=\"widget\" data-widget_type=\"heading.default\">\n\t\t\t\t<div class=\"elementor-widget-container\">\n\t\t\t\t\t<h1 class=\"elementor-heading-title elementor-size-default\">Videos<\/h1>\t\t\t\t<\/div>\n\t\t\t\t<\/div>\n\t\t\t\t<div class=\"elementor-element elementor-element-104232a elementor-widget elementor-widget-image\" data-id=\"104232a\" data-element_type=\"widget\" data-e-type=\"widget\" data-widget_type=\"image.default\">\n\t\t\t\t<div class=\"elementor-widget-container\">\n\t\t\t\t\t\t\t\t\t\t\t\t\t\t\t<img decoding=\"async\" width=\"94\" height=\"16\" src=\"https:\/\/jerome-varnier.fr\/wp-content\/uploads\/2018\/12\/divider_black.png\" class=\"attachment-large size-large wp-image-3532\" alt=\"\" \/>\t\t\t\t\t\t\t\t\t\t\t\t\t\t\t<\/div>\n\t\t\t\t<\/div>\n\t\t\t\t\t<\/div>\n\t\t<\/div>\n\t\t\t\t\t<\/div>\n\t\t<\/section>\n\t\t\t\t<section class=\"elementor-section elementor-top-section elementor-element elementor-element-8dc04d9 elementor-section-boxed elementor-section-height-default elementor-section-height-default\" data-id=\"8dc04d9\" data-element_type=\"section\" data-e-type=\"section\">\n\t\t\t\t\t\t<div class=\"elementor-container elementor-column-gap-default\">\n\t\t\t\t\t<div class=\"elementor-column elementor-col-25 elementor-top-column elementor-element elementor-element-9f1cc87\" data-id=\"9f1cc87\" data-element_type=\"column\" data-e-type=\"column\">\n\t\t\t<div class=\"elementor-widget-wrap\">\n\t\t\t\t\t\t\t<\/div>\n\t\t<\/div>\n\t\t\t\t<div class=\"elementor-column elementor-col-50 elementor-top-column elementor-element elementor-element-7826b8d\" data-id=\"7826b8d\" data-element_type=\"column\" data-e-type=\"column\">\n\t\t\t<div class=\"elementor-widget-wrap elementor-element-populated\">\n\t\t\t\t\t\t<div class=\"elementor-element elementor-element-942ce6e elementor-widget elementor-widget-heading\" data-id=\"942ce6e\" data-element_type=\"widget\" data-e-type=\"widget\" data-widget_type=\"heading.default\">\n\t\t\t\t<div class=\"elementor-widget-container\">\n\t\t\t\t\t<h2 class=\"elementor-heading-title elementor-size-large\">\"Pell\u00e9as et M\u00e9lisande\" <\/h2>\t\t\t\t<\/div>\n\t\t\t\t<\/div>\n\t\t\t\t<div class=\"elementor-element elementor-element-2b84e18 elementor-widget elementor-widget-heading\" data-id=\"2b84e18\" data-element_type=\"widget\" data-e-type=\"widget\" data-widget_type=\"heading.default\">\n\t\t\t\t<div class=\"elementor-widget-container\">\n\t\t\t\t\t<h3 class=\"elementor-heading-title elementor-size-medium\">Claude DEBUSSY<\/h3>\t\t\t\t<\/div>\n\t\t\t\t<\/div>\n\t\t\t\t<div class=\"elementor-element elementor-element-28d7452 elementor-widget elementor-widget-heading\" data-id=\"28d7452\" data-element_type=\"widget\" data-e-type=\"widget\" data-widget_type=\"heading.default\">\n\t\t\t\t<div class=\"elementor-widget-container\">\n\t\t\t\t\t<h4 class=\"elementor-heading-title elementor-size-default\">J\u00e9r\u00f4me Varnier (Arkel) - Act 1<\/h4>\t\t\t\t<\/div>\n\t\t\t\t<\/div>\n\t\t\t\t<div class=\"elementor-element elementor-element-5328ffe elementor-widget elementor-widget-heading\" data-id=\"5328ffe\" data-element_type=\"widget\" data-e-type=\"widget\" data-widget_type=\"heading.default\">\n\t\t\t\t<div class=\"elementor-widget-container\">\n\t\t\t\t\t<h5 class=\"elementor-heading-title elementor-size-default\">Budapest, 2007 - Conductor : Zoltan Kocsis - Hungarian National Orchestra<\/h5>\t\t\t\t<\/div>\n\t\t\t\t<\/div>\n\t\t\t\t<div class=\"elementor-element elementor-element-92cd192 elementor-widget elementor-widget-video\" data-id=\"92cd192\" data-element_type=\"widget\" data-e-type=\"widget\" data-settings=\"{&quot;youtube_url&quot;:&quot;https:\\\/\\\/www.youtube.com\\\/watch?v=i5daWqPtImk&quot;,&quot;video_type&quot;:&quot;youtube&quot;,&quot;controls&quot;:&quot;yes&quot;}\" data-widget_type=\"video.default\">\n\t\t\t\t<div class=\"elementor-widget-container\">\n\t\t\t\t\t\t\t<div class=\"elementor-wrapper elementor-open-inline\">\n\t\t\t<div class=\"elementor-video\"><\/div>\t\t<\/div>\n\t\t\t\t\t\t<\/div>\n\t\t\t\t<\/div>\n\t\t\t\t\t<\/div>\n\t\t<\/div>\n\t\t\t\t<div class=\"elementor-column elementor-col-25 elementor-top-column elementor-element elementor-element-e81e0aa\" data-id=\"e81e0aa\" data-element_type=\"column\" data-e-type=\"column\">\n\t\t\t<div class=\"elementor-widget-wrap\">\n\t\t\t\t\t\t\t<\/div>\n\t\t<\/div>\n\t\t\t\t\t<\/div>\n\t\t<\/section>\n\t\t\t\t<section class=\"elementor-section elementor-top-section elementor-element elementor-element-c5dae72 elementor-section-boxed elementor-section-height-default elementor-section-height-default\" data-id=\"c5dae72\" data-element_type=\"section\" data-e-type=\"section\">\n\t\t\t\t\t\t<div class=\"elementor-container elementor-column-gap-default\">\n\t\t\t\t\t<div class=\"elementor-column elementor-col-25 elementor-top-column elementor-element elementor-element-72d1477\" data-id=\"72d1477\" data-element_type=\"column\" data-e-type=\"column\">\n\t\t\t<div class=\"elementor-widget-wrap\">\n\t\t\t\t\t\t\t<\/div>\n\t\t<\/div>\n\t\t\t\t<div class=\"elementor-column elementor-col-50 elementor-top-column elementor-element elementor-element-ef46f0b\" data-id=\"ef46f0b\" data-element_type=\"column\" data-e-type=\"column\">\n\t\t\t<div class=\"elementor-widget-wrap elementor-element-populated\">\n\t\t\t\t\t\t<div class=\"elementor-element elementor-element-10bf3b1 elementor-widget elementor-widget-heading\" data-id=\"10bf3b1\" data-element_type=\"widget\" data-e-type=\"widget\" data-widget_type=\"heading.default\">\n\t\t\t\t<div class=\"elementor-widget-container\">\n\t\t\t\t\t<h2 class=\"elementor-heading-title elementor-size-large\">\"Pell\u00e9as et M\u00e9lisande\" <\/h2>\t\t\t\t<\/div>\n\t\t\t\t<\/div>\n\t\t\t\t<div class=\"elementor-element elementor-element-88658ee elementor-widget elementor-widget-heading\" data-id=\"88658ee\" data-element_type=\"widget\" data-e-type=\"widget\" data-widget_type=\"heading.default\">\n\t\t\t\t<div class=\"elementor-widget-container\">\n\t\t\t\t\t<h3 class=\"elementor-heading-title elementor-size-medium\">Claude DEBUSSY<\/h3>\t\t\t\t<\/div>\n\t\t\t\t<\/div>\n\t\t\t\t<div class=\"elementor-element elementor-element-a3d69e7 elementor-widget elementor-widget-heading\" data-id=\"a3d69e7\" data-element_type=\"widget\" data-e-type=\"widget\" data-widget_type=\"heading.default\">\n\t\t\t\t<div class=\"elementor-widget-container\">\n\t\t\t\t\t<h4 class=\"elementor-heading-title elementor-size-default\">J\u00e9r\u00f4me Varnier (Arkel) - Act 5<\/h4>\t\t\t\t<\/div>\n\t\t\t\t<\/div>\n\t\t\t\t<div class=\"elementor-element elementor-element-ca8511c elementor-widget elementor-widget-heading\" data-id=\"ca8511c\" data-element_type=\"widget\" data-e-type=\"widget\" data-widget_type=\"heading.default\">\n\t\t\t\t<div class=\"elementor-widget-container\">\n\t\t\t\t\t<h5 class=\"elementor-heading-title elementor-size-default\">Budapest, 2007 - Conductor : Zoltan Kocsis - Hungarian National Orchestra<\/h5>\t\t\t\t<\/div>\n\t\t\t\t<\/div>\n\t\t\t\t<div class=\"elementor-element elementor-element-b0e061b elementor-widget elementor-widget-video\" data-id=\"b0e061b\" data-element_type=\"widget\" data-e-type=\"widget\" data-settings=\"{&quot;youtube_url&quot;:&quot;https:\\\/\\\/www.youtube.com\\\/watch?v=gvPNHyqRSnY&quot;,&quot;video_type&quot;:&quot;youtube&quot;,&quot;controls&quot;:&quot;yes&quot;}\" data-widget_type=\"video.default\">\n\t\t\t\t<div class=\"elementor-widget-container\">\n\t\t\t\t\t\t\t<div class=\"elementor-wrapper elementor-open-inline\">\n\t\t\t<div class=\"elementor-video\"><\/div>\t\t<\/div>\n\t\t\t\t\t\t<\/div>\n\t\t\t\t<\/div>\n\t\t\t\t\t<\/div>\n\t\t<\/div>\n\t\t\t\t<div class=\"elementor-column elementor-col-25 elementor-top-column elementor-element elementor-element-3f15d48\" data-id=\"3f15d48\" data-element_type=\"column\" data-e-type=\"column\">\n\t\t\t<div class=\"elementor-widget-wrap\">\n\t\t\t\t\t\t\t<\/div>\n\t\t<\/div>\n\t\t\t\t\t<\/div>\n\t\t<\/section>\n\t\t\t\t<\/div>\n\t\t","protected":false},"excerpt":{"rendered":"<p>Videos &#8220;Pell\u00e9as et M\u00e9lisande&#8221; Claude DEBUSSY J\u00e9r\u00f4me Varnier (Arkel) &#8211; Act 1 Budapest, 2007 &#8211; Conductor : Zoltan Kocsis &#8211; [&hellip;]<\/p>\n","protected":false},"author":2,"featured_media":0,"parent":0,"menu_order":0,"comment_status":"closed","ping_status":"closed","template":"","meta":{"footnotes":""},"class_list":["post-4740","page","type-page","status-publish","hentry"],"acf":[],"yoast_head":"<!-- This site is optimized with the Yoast SEO plugin v27.1.1 - https:\/\/yoast.com\/product\/yoast-seo-wordpress\/ -->\n<title>Videos - J\u00e9r\u00f4me Varnier | Basse<\/title>\n<meta name=\"robots\" content=\"index, follow, max-snippet:-1, max-image-preview:large, max-video-preview:-1\" \/>\n<link rel=\"canonical\" href=\"https:\/\/jerome-varnier.fr\/en\/videos-en\/\" \/>\n<meta property=\"og:locale\" content=\"en_US\" \/>\n<meta property=\"og:type\" content=\"article\" \/>\n<meta property=\"og:title\" content=\"Videos - J\u00e9r\u00f4me Varnier | Basse\" \/>\n<meta property=\"og:description\" content=\"Videos &#8220;Pell\u00e9as et M\u00e9lisande&#8221; Claude DEBUSSY J\u00e9r\u00f4me Varnier (Arkel) &#8211; Act 1 Budapest, 2007 &#8211; Conductor : Zoltan Kocsis &#8211; [&hellip;]\" \/>\n<meta property=\"og:url\" content=\"https:\/\/jerome-varnier.fr\/en\/videos-en\/\" \/>\n<meta property=\"og:site_name\" content=\"J\u00e9r\u00f4me Varnier | Basse\" \/>\n<meta property=\"article:modified_time\" content=\"2020-07-31T12:03:36+00:00\" \/>\n<meta property=\"og:image\" content=\"http:\/\/localhost:8888\/jeromevarnierV2\/wp-content\/uploads\/2018\/12\/divider_black.png\" \/>\n<meta name=\"twitter:card\" content=\"summary_large_image\" \/>\n<script type=\"application\/ld+json\" class=\"yoast-schema-graph\">{\"@context\":\"https:\/\/schema.org\",\"@graph\":[{\"@type\":\"WebPage\",\"@id\":\"https:\/\/jerome-varnier.fr\/en\/videos-en\/\",\"url\":\"https:\/\/jerome-varnier.fr\/en\/videos-en\/\",\"name\":\"Videos - J\u00e9r\u00f4me Varnier | Basse\",\"isPartOf\":{\"@id\":\"https:\/\/jerome-varnier.fr\/#website\"},\"primaryImageOfPage\":{\"@id\":\"https:\/\/jerome-varnier.fr\/en\/videos-en\/#primaryimage\"},\"image\":{\"@id\":\"https:\/\/jerome-varnier.fr\/en\/videos-en\/#primaryimage\"},\"thumbnailUrl\":\"http:\/\/localhost:8888\/jeromevarnierV2\/wp-content\/uploads\/2018\/12\/divider_black.png\",\"datePublished\":\"2019-10-15T14:25:47+00:00\",\"dateModified\":\"2020-07-31T12:03:36+00:00\",\"breadcrumb\":{\"@id\":\"https:\/\/jerome-varnier.fr\/en\/videos-en\/#breadcrumb\"},\"inLanguage\":\"en-US\",\"potentialAction\":[{\"@type\":\"ReadAction\",\"target\":[\"https:\/\/jerome-varnier.fr\/en\/videos-en\/\"]}]},{\"@type\":\"ImageObject\",\"inLanguage\":\"en-US\",\"@id\":\"https:\/\/jerome-varnier.fr\/en\/videos-en\/#primaryimage\",\"url\":\"http:\/\/localhost:8888\/jeromevarnierV2\/wp-content\/uploads\/2018\/12\/divider_black.png\",\"contentUrl\":\"http:\/\/localhost:8888\/jeromevarnierV2\/wp-content\/uploads\/2018\/12\/divider_black.png\"},{\"@type\":\"BreadcrumbList\",\"@id\":\"https:\/\/jerome-varnier.fr\/en\/videos-en\/#breadcrumb\",\"itemListElement\":[{\"@type\":\"ListItem\",\"position\":1,\"name\":\"Accueil\",\"item\":\"https:\/\/jerome-varnier.fr\/en\/\"},{\"@type\":\"ListItem\",\"position\":2,\"name\":\"Videos\"}]},{\"@type\":\"WebSite\",\"@id\":\"https:\/\/jerome-varnier.fr\/#website\",\"url\":\"https:\/\/jerome-varnier.fr\/\",\"name\":\"J\u00e9r\u00f4me Varnier | Basse\",\"description\":\"Site de J\u00e9r\u00f4me Varnier\",\"publisher\":{\"@id\":\"https:\/\/jerome-varnier.fr\/#\/schema\/person\/47c6a603b6ac4db6ad9187e81e394f5e\"},\"potentialAction\":[{\"@type\":\"SearchAction\",\"target\":{\"@type\":\"EntryPoint\",\"urlTemplate\":\"https:\/\/jerome-varnier.fr\/?s={search_term_string}\"},\"query-input\":{\"@type\":\"PropertyValueSpecification\",\"valueRequired\":true,\"valueName\":\"search_term_string\"}}],\"inLanguage\":\"en-US\"},{\"@type\":[\"Person\",\"Organization\"],\"@id\":\"https:\/\/jerome-varnier.fr\/#\/schema\/person\/47c6a603b6ac4db6ad9187e81e394f5e\",\"name\":\"J\u00e9r\u00f4me Varnier\",\"image\":{\"@type\":\"ImageObject\",\"inLanguage\":\"en-US\",\"@id\":\"https:\/\/jerome-varnier.fr\/#\/schema\/person\/image\/\",\"url\":\"https:\/\/secure.gravatar.com\/avatar\/0ece0d561eb3292888bfe271d0526258317c887f92dbc7e618477e19a553e04e?s=96&d=mm&r=g\",\"contentUrl\":\"https:\/\/secure.gravatar.com\/avatar\/0ece0d561eb3292888bfe271d0526258317c887f92dbc7e618477e19a553e04e?s=96&d=mm&r=g\",\"caption\":\"J\u00e9r\u00f4me Varnier\"},\"logo\":{\"@id\":\"https:\/\/jerome-varnier.fr\/#\/schema\/person\/image\/\"}}]}<\/script>\n<!-- \/ Yoast SEO plugin. -->","yoast_head_json":{"title":"Videos - J\u00e9r\u00f4me Varnier | Basse","robots":{"index":"index","follow":"follow","max-snippet":"max-snippet:-1","max-image-preview":"max-image-preview:large","max-video-preview":"max-video-preview:-1"},"canonical":"https:\/\/jerome-varnier.fr\/en\/videos-en\/","og_locale":"en_US","og_type":"article","og_title":"Videos - J\u00e9r\u00f4me Varnier | Basse","og_description":"Videos &#8220;Pell\u00e9as et M\u00e9lisande&#8221; Claude DEBUSSY J\u00e9r\u00f4me Varnier (Arkel) &#8211; Act 1 Budapest, 2007 &#8211; Conductor : Zoltan Kocsis &#8211; [&hellip;]","og_url":"https:\/\/jerome-varnier.fr\/en\/videos-en\/","og_site_name":"J\u00e9r\u00f4me Varnier | Basse","article_modified_time":"2020-07-31T12:03:36+00:00","og_image":[{"url":"http:\/\/localhost:8888\/jeromevarnierV2\/wp-content\/uploads\/2018\/12\/divider_black.png","type":"","width":"","height":""}],"twitter_card":"summary_large_image","schema":{"@context":"https:\/\/schema.org","@graph":[{"@type":"WebPage","@id":"https:\/\/jerome-varnier.fr\/en\/videos-en\/","url":"https:\/\/jerome-varnier.fr\/en\/videos-en\/","name":"Videos - J\u00e9r\u00f4me Varnier | Basse","isPartOf":{"@id":"https:\/\/jerome-varnier.fr\/#website"},"primaryImageOfPage":{"@id":"https:\/\/jerome-varnier.fr\/en\/videos-en\/#primaryimage"},"image":{"@id":"https:\/\/jerome-varnier.fr\/en\/videos-en\/#primaryimage"},"thumbnailUrl":"http:\/\/localhost:8888\/jeromevarnierV2\/wp-content\/uploads\/2018\/12\/divider_black.png","datePublished":"2019-10-15T14:25:47+00:00","dateModified":"2020-07-31T12:03:36+00:00","breadcrumb":{"@id":"https:\/\/jerome-varnier.fr\/en\/videos-en\/#breadcrumb"},"inLanguage":"en-US","potentialAction":[{"@type":"ReadAction","target":["https:\/\/jerome-varnier.fr\/en\/videos-en\/"]}]},{"@type":"ImageObject","inLanguage":"en-US","@id":"https:\/\/jerome-varnier.fr\/en\/videos-en\/#primaryimage","url":"http:\/\/localhost:8888\/jeromevarnierV2\/wp-content\/uploads\/2018\/12\/divider_black.png","contentUrl":"http:\/\/localhost:8888\/jeromevarnierV2\/wp-content\/uploads\/2018\/12\/divider_black.png"},{"@type":"BreadcrumbList","@id":"https:\/\/jerome-varnier.fr\/en\/videos-en\/#breadcrumb","itemListElement":[{"@type":"ListItem","position":1,"name":"Accueil","item":"https:\/\/jerome-varnier.fr\/en\/"},{"@type":"ListItem","position":2,"name":"Videos"}]},{"@type":"WebSite","@id":"https:\/\/jerome-varnier.fr\/#website","url":"https:\/\/jerome-varnier.fr\/","name":"J\u00e9r\u00f4me Varnier | Basse","description":"Site de J\u00e9r\u00f4me Varnier","publisher":{"@id":"https:\/\/jerome-varnier.fr\/#\/schema\/person\/47c6a603b6ac4db6ad9187e81e394f5e"},"potentialAction":[{"@type":"SearchAction","target":{"@type":"EntryPoint","urlTemplate":"https:\/\/jerome-varnier.fr\/?s={search_term_string}"},"query-input":{"@type":"PropertyValueSpecification","valueRequired":true,"valueName":"search_term_string"}}],"inLanguage":"en-US"},{"@type":["Person","Organization"],"@id":"https:\/\/jerome-varnier.fr\/#\/schema\/person\/47c6a603b6ac4db6ad9187e81e394f5e","name":"J\u00e9r\u00f4me Varnier","image":{"@type":"ImageObject","inLanguage":"en-US","@id":"https:\/\/jerome-varnier.fr\/#\/schema\/person\/image\/","url":"https:\/\/secure.gravatar.com\/avatar\/0ece0d561eb3292888bfe271d0526258317c887f92dbc7e618477e19a553e04e?s=96&d=mm&r=g","contentUrl":"https:\/\/secure.gravatar.com\/avatar\/0ece0d561eb3292888bfe271d0526258317c887f92dbc7e618477e19a553e04e?s=96&d=mm&r=g","caption":"J\u00e9r\u00f4me Varnier"},"logo":{"@id":"https:\/\/jerome-varnier.fr\/#\/schema\/person\/image\/"}}]}},"_links":{"self":[{"href":"https:\/\/jerome-varnier.fr\/en\/wp-json\/wp\/v2\/pages\/4740","targetHints":{"allow":["GET"]}}],"collection":[{"href":"https:\/\/jerome-varnier.fr\/en\/wp-json\/wp\/v2\/pages"}],"about":[{"href":"https:\/\/jerome-varnier.fr\/en\/wp-json\/wp\/v2\/types\/page"}],"author":[{"embeddable":true,"href":"https:\/\/jerome-varnier.fr\/en\/wp-json\/wp\/v2\/users\/2"}],"replies":[{"embeddable":true,"href":"https:\/\/jerome-varnier.fr\/en\/wp-json\/wp\/v2\/comments?post=4740"}],"version-history":[{"count":2,"href":"https:\/\/jerome-varnier.fr\/en\/wp-json\/wp\/v2\/pages\/4740\/revisions"}],"predecessor-version":[{"id":5130,"href":"https:\/\/jerome-varnier.fr\/en\/wp-json\/wp\/v2\/pages\/4740\/revisions\/5130"}],"wp:attachment":[{"href":"https:\/\/jerome-varnier.fr\/en\/wp-json\/wp\/v2\/media?parent=4740"}],"curies":[{"name":"wp","href":"https:\/\/api.w.org\/{rel}","templated":true}]}}